{"id":1467,"date":"2024-03-12T11:12:56","date_gmt":"2024-03-12T11:12:56","guid":{"rendered":"https:\/\/dev.wordpress-developer.us\/pro-results\/preguntas-frecuentes\/"},"modified":"2024-03-15T09:50:12","modified_gmt":"2024-03-15T09:50:12","slug":"preguntas-frecuentes","status":"publish","type":"page","link":"https:\/\/proresultsschoolofrealestate.com\/es\/preguntas-frecuentes\/","title":{"rendered":"PREGUNTAS FRECUENTES"},"content":{"rendered":"\t\t<div data-elementor-type=\"wp-page\" data-elementor-id=\"1467\" class=\"elementor elementor-1467 elementor-602\" data-elementor-post-type=\"page\">\n\t\t\t\t<div class=\"elementor-element elementor-element-47c6487 e-con-full e-flex e-con e-parent\" data-id=\"47c6487\" data-element_type=\"container\" data-e-type=\"container\" data-settings=\"{&quot;background_background&quot;:&quot;classic&quot;}\">\n\t\t<div class=\"elementor-element elementor-element-a74d932 e-con-full e-flex e-con e-child\" data-id=\"a74d932\" data-element_type=\"container\" data-e-type=\"container\" data-settings=\"{&quot;background_background&quot;:&quot;classic&quot;}\">\n\t\t<div class=\"elementor-element elementor-element-51465d6 e-flex e-con-boxed e-con e-child\" data-id=\"51465d6\" data-element_type=\"container\" data-e-type=\"container\">\n\t\t\t\t\t<div class=\"e-con-inner\">\n\t\t<div class=\"elementor-element elementor-element-9983bad e-con-full e-flex e-con e-child\" data-id=\"9983bad\" data-element_type=\"container\" data-e-type=\"container\">\n\t\t\t\t<div class=\"elementor-element elementor-element-73a4b37 elementor-widget elementor-widget-heading\" data-id=\"73a4b37\" data-element_type=\"widget\" data-e-type=\"widget\" data-widget_type=\"heading.default\">\n\t\t\t\t<div class=\"elementor-widget-container\">\n\t\t\t\t\t<h1 class=\"elementor-heading-title elementor-size-default\">Preguntas frecuentes<\/h1>\t\t\t\t<\/div>\n\t\t\t\t<\/div>\n\t\t\t\t<\/div>\n\t\t<div class=\"elementor-element elementor-element-df883c6 e-con-full e-flex e-con e-child\" data-id=\"df883c6\" data-element_type=\"container\" data-e-type=\"container\">\n\t\t\t\t<\/div>\n\t\t\t\t\t<\/div>\n\t\t\t\t<\/div>\n\t\t\t\t<\/div>\n\t\t\t\t<\/div>\n\t\t<div class=\"elementor-element elementor-element-d2cb1ef e-flex e-con-boxed e-con e-parent\" data-id=\"d2cb1ef\" data-element_type=\"container\" data-e-type=\"container\">\n\t\t\t\t\t<div class=\"e-con-inner\">\n\t\t\t\t<div class=\"elementor-element elementor-element-782cedc elementor-widget elementor-widget-heading\" data-id=\"782cedc\" data-element_type=\"widget\" data-e-type=\"widget\" data-widget_type=\"heading.default\">\n\t\t\t\t<div class=\"elementor-widget-container\">\n\t\t\t\t\t<h2 class=\"elementor-heading-title elementor-size-default\">Preguntas frecuentes<\/h2>\t\t\t\t<\/div>\n\t\t\t\t<\/div>\n\t\t\t\t<div class=\"elementor-element elementor-element-64e7ab1 faq-section elementor-widget elementor-widget-accordion\" data-id=\"64e7ab1\" data-element_type=\"widget\" data-e-type=\"widget\" data-widget_type=\"accordion.default\">\n\t\t\t\t<div class=\"elementor-widget-container\">\n\t\t\t\t\t\t\t<div class=\"elementor-accordion\">\n\t\t\t\t\t\t\t<div class=\"elementor-accordion-item\">\n\t\t\t\t\t<div id=\"elementor-tab-title-1051\" class=\"elementor-tab-title\" data-tab=\"1\" role=\"button\" aria-controls=\"elementor-tab-content-1051\" aria-expanded=\"false\">\n\t\t\t\t\t\t\t\t\t\t\t\t\t<span class=\"elementor-accordion-icon elementor-accordion-icon-right\" aria-hidden=\"true\">\n\t\t\t\t\t\t\t\t\t\t\t\t\t\t\t<span class=\"elementor-accordion-icon-closed\"><svg xmlns=\"http:\/\/www.w3.org\/2000\/svg\" width=\"15\" height=\"11\" viewBox=\"0 0 15 11\" fill=\"none\"><path d=\"M6.28922 10.3444C6.88846 11.1638 8.11154 11.1638 8.71077 10.3444L13.9827 3.13545C14.7075 2.14444 13.9997 0.75 12.772 0.75H2.22804C1.0003 0.75 0.292525 2.14444 1.01726 3.13545L6.28922 10.3444Z\" fill=\"black\"><\/path><\/svg><\/span>\n\t\t\t\t\t\t\t\t<span class=\"elementor-accordion-icon-opened\"><svg xmlns=\"http:\/\/www.w3.org\/2000\/svg\" width=\"15\" height=\"11\" viewBox=\"0 0 15 11\" fill=\"none\"><path d=\"M6.28922 0.655624C6.88846 -0.163773 8.11154 -0.163774 8.71077 0.655623L13.9827 7.86455C14.7075 8.85556 13.9997 10.25 12.772 10.25H2.22804C1.0003 10.25 0.292525 8.85556 1.01726 7.86455L6.28922 0.655624Z\" fill=\"#6C754A\"><\/path><\/svg><\/span>\n\t\t\t\t\t\t\t\t\t\t\t\t\t\t<\/span>\n\t\t\t\t\t\t\t\t\t\t\t\t<a class=\"elementor-accordion-title\" tabindex=\"0\">\u00bfC\u00f3mo obtengo una licencia inmobiliaria en Florida?<\/a>\n\t\t\t\t\t<\/div>\n\t\t\t\t\t<div id=\"elementor-tab-content-1051\" class=\"elementor-tab-content elementor-clearfix\" data-tab=\"1\" role=\"region\" aria-labelledby=\"elementor-tab-title-1051\"><p>Para convertirse en un agente inmobiliario autorizado en Florida, debe completar un curso de pre-licencia aprobado por el estado, aprobar el Examen de Asociado de Ventas de Bienes Ra\u00edces de Florida y solicitar una licencia a trav\u00e9s del Departamento de Regulaci\u00f3n Empresarial y Profesional de Florida (DBPR).<\/p>\n<\/div>\n\t\t\t\t<\/div>\n\t\t\t\t\t\t\t<div class=\"elementor-accordion-item\">\n\t\t\t\t\t<div id=\"elementor-tab-title-1052\" class=\"elementor-tab-title\" data-tab=\"2\" role=\"button\" aria-controls=\"elementor-tab-content-1052\" aria-expanded=\"false\">\n\t\t\t\t\t\t\t\t\t\t\t\t\t<span class=\"elementor-accordion-icon elementor-accordion-icon-right\" aria-hidden=\"true\">\n\t\t\t\t\t\t\t\t\t\t\t\t\t\t\t<span class=\"elementor-accordion-icon-closed\"><svg xmlns=\"http:\/\/www.w3.org\/2000\/svg\" width=\"15\" height=\"11\" viewBox=\"0 0 15 11\" fill=\"none\"><path d=\"M6.28922 10.3444C6.88846 11.1638 8.11154 11.1638 8.71077 10.3444L13.9827 3.13545C14.7075 2.14444 13.9997 0.75 12.772 0.75H2.22804C1.0003 0.75 0.292525 2.14444 1.01726 3.13545L6.28922 10.3444Z\" fill=\"black\"><\/path><\/svg><\/span>\n\t\t\t\t\t\t\t\t<span class=\"elementor-accordion-icon-opened\"><svg xmlns=\"http:\/\/www.w3.org\/2000\/svg\" width=\"15\" height=\"11\" viewBox=\"0 0 15 11\" fill=\"none\"><path d=\"M6.28922 0.655624C6.88846 -0.163773 8.11154 -0.163774 8.71077 0.655623L13.9827 7.86455C14.7075 8.85556 13.9997 10.25 12.772 10.25H2.22804C1.0003 10.25 0.292525 8.85556 1.01726 7.86455L6.28922 0.655624Z\" fill=\"#6C754A\"><\/path><\/svg><\/span>\n\t\t\t\t\t\t\t\t\t\t\t\t\t\t<\/span>\n\t\t\t\t\t\t\t\t\t\t\t\t<a class=\"elementor-accordion-title\" tabindex=\"0\">\u00bfCu\u00e1les son los requisitos para matricularse en un curso previo a la obtenci\u00f3n de la licencia?<\/a>\n\t\t\t\t\t<\/div>\n\t\t\t\t\t<div id=\"elementor-tab-content-1052\" class=\"elementor-tab-content elementor-clearfix\" data-tab=\"2\" role=\"region\" aria-labelledby=\"elementor-tab-title-1052\"><p>Para convertirse en un agente inmobiliario autorizado en Florida, debe completar un curso de pre-licencia aprobado por el estado, aprobar el Examen de Asociado de Ventas de Bienes Ra\u00edces de Florida y solicitar una licencia a trav\u00e9s del Departamento de Regulaci\u00f3n Empresarial y Profesional de Florida (DBPR).<\/p>\n<\/div>\n\t\t\t\t<\/div>\n\t\t\t\t\t\t\t<div class=\"elementor-accordion-item\">\n\t\t\t\t\t<div id=\"elementor-tab-title-1053\" class=\"elementor-tab-title\" data-tab=\"3\" role=\"button\" aria-controls=\"elementor-tab-content-1053\" aria-expanded=\"false\">\n\t\t\t\t\t\t\t\t\t\t\t\t\t<span class=\"elementor-accordion-icon elementor-accordion-icon-right\" aria-hidden=\"true\">\n\t\t\t\t\t\t\t\t\t\t\t\t\t\t\t<span class=\"elementor-accordion-icon-closed\"><svg xmlns=\"http:\/\/www.w3.org\/2000\/svg\" width=\"15\" height=\"11\" viewBox=\"0 0 15 11\" fill=\"none\"><path d=\"M6.28922 10.3444C6.88846 11.1638 8.11154 11.1638 8.71077 10.3444L13.9827 3.13545C14.7075 2.14444 13.9997 0.75 12.772 0.75H2.22804C1.0003 0.75 0.292525 2.14444 1.01726 3.13545L6.28922 10.3444Z\" fill=\"black\"><\/path><\/svg><\/span>\n\t\t\t\t\t\t\t\t<span class=\"elementor-accordion-icon-opened\"><svg xmlns=\"http:\/\/www.w3.org\/2000\/svg\" width=\"15\" height=\"11\" viewBox=\"0 0 15 11\" fill=\"none\"><path d=\"M6.28922 0.655624C6.88846 -0.163773 8.11154 -0.163774 8.71077 0.655623L13.9827 7.86455C14.7075 8.85556 13.9997 10.25 12.772 10.25H2.22804C1.0003 10.25 0.292525 8.85556 1.01726 7.86455L6.28922 0.655624Z\" fill=\"#6C754A\"><\/path><\/svg><\/span>\n\t\t\t\t\t\t\t\t\t\t\t\t\t\t<\/span>\n\t\t\t\t\t\t\t\t\t\t\t\t<a class=\"elementor-accordion-title\" tabindex=\"0\">\u00bfCu\u00e1nto tiempo se tarda en completar el curso previo a la obtenci\u00f3n de la licencia?<\/a>\n\t\t\t\t\t<\/div>\n\t\t\t\t\t<div id=\"elementor-tab-content-1053\" class=\"elementor-tab-content elementor-clearfix\" data-tab=\"3\" role=\"region\" aria-labelledby=\"elementor-tab-title-1053\"><p>Para convertirse en un agente inmobiliario autorizado en Florida, debe completar un curso de pre-licencia aprobado por el estado, aprobar el Examen de Asociado de Ventas de Bienes Ra\u00edces de Florida y solicitar una licencia a trav\u00e9s del Departamento de Regulaci\u00f3n Empresarial y Profesional de Florida (DBPR).<\/p>\n<\/div>\n\t\t\t\t<\/div>\n\t\t\t\t\t\t\t<div class=\"elementor-accordion-item\">\n\t\t\t\t\t<div id=\"elementor-tab-title-1054\" class=\"elementor-tab-title\" data-tab=\"4\" role=\"button\" aria-controls=\"elementor-tab-content-1054\" aria-expanded=\"false\">\n\t\t\t\t\t\t\t\t\t\t\t\t\t<span class=\"elementor-accordion-icon elementor-accordion-icon-right\" aria-hidden=\"true\">\n\t\t\t\t\t\t\t\t\t\t\t\t\t\t\t<span class=\"elementor-accordion-icon-closed\"><svg xmlns=\"http:\/\/www.w3.org\/2000\/svg\" width=\"15\" height=\"11\" viewBox=\"0 0 15 11\" fill=\"none\"><path d=\"M6.28922 10.3444C6.88846 11.1638 8.11154 11.1638 8.71077 10.3444L13.9827 3.13545C14.7075 2.14444 13.9997 0.75 12.772 0.75H2.22804C1.0003 0.75 0.292525 2.14444 1.01726 3.13545L6.28922 10.3444Z\" fill=\"black\"><\/path><\/svg><\/span>\n\t\t\t\t\t\t\t\t<span class=\"elementor-accordion-icon-opened\"><svg xmlns=\"http:\/\/www.w3.org\/2000\/svg\" width=\"15\" height=\"11\" viewBox=\"0 0 15 11\" fill=\"none\"><path d=\"M6.28922 0.655624C6.88846 -0.163773 8.11154 -0.163774 8.71077 0.655623L13.9827 7.86455C14.7075 8.85556 13.9997 10.25 12.772 10.25H2.22804C1.0003 10.25 0.292525 8.85556 1.01726 7.86455L6.28922 0.655624Z\" fill=\"#6C754A\"><\/path><\/svg><\/span>\n\t\t\t\t\t\t\t\t\t\t\t\t\t\t<\/span>\n\t\t\t\t\t\t\t\t\t\t\t\t<a class=\"elementor-accordion-title\" tabindex=\"0\">\u00bfQu\u00e9 temas se tratan en el curso previo a la obtenci\u00f3n de la licencia?<\/a>\n\t\t\t\t\t<\/div>\n\t\t\t\t\t<div id=\"elementor-tab-content-1054\" class=\"elementor-tab-content elementor-clearfix\" data-tab=\"4\" role=\"region\" aria-labelledby=\"elementor-tab-title-1054\"><p>Para convertirse en un agente inmobiliario autorizado en Florida, debe completar un curso de pre-licencia aprobado por el estado, aprobar el Examen de Asociado de Ventas de Bienes Ra\u00edces de Florida y solicitar una licencia a trav\u00e9s del Departamento de Regulaci\u00f3n Empresarial y Profesional de Florida (DBPR).<\/p>\n<\/div>\n\t\t\t\t<\/div>\n\t\t\t\t\t\t\t<div class=\"elementor-accordion-item\">\n\t\t\t\t\t<div id=\"elementor-tab-title-1055\" class=\"elementor-tab-title\" data-tab=\"5\" role=\"button\" aria-controls=\"elementor-tab-content-1055\" aria-expanded=\"false\">\n\t\t\t\t\t\t\t\t\t\t\t\t\t<span class=\"elementor-accordion-icon elementor-accordion-icon-right\" aria-hidden=\"true\">\n\t\t\t\t\t\t\t\t\t\t\t\t\t\t\t<span class=\"elementor-accordion-icon-closed\"><svg xmlns=\"http:\/\/www.w3.org\/2000\/svg\" width=\"15\" height=\"11\" viewBox=\"0 0 15 11\" fill=\"none\"><path d=\"M6.28922 10.3444C6.88846 11.1638 8.11154 11.1638 8.71077 10.3444L13.9827 3.13545C14.7075 2.14444 13.9997 0.75 12.772 0.75H2.22804C1.0003 0.75 0.292525 2.14444 1.01726 3.13545L6.28922 10.3444Z\" fill=\"black\"><\/path><\/svg><\/span>\n\t\t\t\t\t\t\t\t<span class=\"elementor-accordion-icon-opened\"><svg xmlns=\"http:\/\/www.w3.org\/2000\/svg\" width=\"15\" height=\"11\" viewBox=\"0 0 15 11\" fill=\"none\"><path d=\"M6.28922 0.655624C6.88846 -0.163773 8.11154 -0.163774 8.71077 0.655623L13.9827 7.86455C14.7075 8.85556 13.9997 10.25 12.772 10.25H2.22804C1.0003 10.25 0.292525 8.85556 1.01726 7.86455L6.28922 0.655624Z\" fill=\"#6C754A\"><\/path><\/svg><\/span>\n\t\t\t\t\t\t\t\t\t\t\t\t\t\t<\/span>\n\t\t\t\t\t\t\t\t\t\t\t\t<a class=\"elementor-accordion-title\" tabindex=\"0\">\u00bfC\u00f3mo es el examen de Asociado de Ventas Inmobiliarias de Florida?<\/a>\n\t\t\t\t\t<\/div>\n\t\t\t\t\t<div id=\"elementor-tab-content-1055\" class=\"elementor-tab-content elementor-clearfix\" data-tab=\"5\" role=\"region\" aria-labelledby=\"elementor-tab-title-1055\"><p>Para convertirse en un agente inmobiliario autorizado en Florida, debe completar un curso de pre-licencia aprobado por el estado, aprobar el Examen de Asociado de Ventas de Bienes Ra\u00edces de Florida y solicitar una licencia a trav\u00e9s del Departamento de Regulaci\u00f3n Empresarial y Profesional de Florida (DBPR).<\/p>\n<\/div>\n\t\t\t\t<\/div>\n\t\t\t\t\t\t\t<div class=\"elementor-accordion-item\">\n\t\t\t\t\t<div id=\"elementor-tab-title-1056\" class=\"elementor-tab-title\" data-tab=\"6\" role=\"button\" aria-controls=\"elementor-tab-content-1056\" aria-expanded=\"false\">\n\t\t\t\t\t\t\t\t\t\t\t\t\t<span class=\"elementor-accordion-icon elementor-accordion-icon-right\" aria-hidden=\"true\">\n\t\t\t\t\t\t\t\t\t\t\t\t\t\t\t<span class=\"elementor-accordion-icon-closed\"><svg xmlns=\"http:\/\/www.w3.org\/2000\/svg\" width=\"15\" height=\"11\" viewBox=\"0 0 15 11\" fill=\"none\"><path d=\"M6.28922 10.3444C6.88846 11.1638 8.11154 11.1638 8.71077 10.3444L13.9827 3.13545C14.7075 2.14444 13.9997 0.75 12.772 0.75H2.22804C1.0003 0.75 0.292525 2.14444 1.01726 3.13545L6.28922 10.3444Z\" fill=\"black\"><\/path><\/svg><\/span>\n\t\t\t\t\t\t\t\t<span class=\"elementor-accordion-icon-opened\"><svg xmlns=\"http:\/\/www.w3.org\/2000\/svg\" width=\"15\" height=\"11\" viewBox=\"0 0 15 11\" fill=\"none\"><path d=\"M6.28922 0.655624C6.88846 -0.163773 8.11154 -0.163774 8.71077 0.655623L13.9827 7.86455C14.7075 8.85556 13.9997 10.25 12.772 10.25H2.22804C1.0003 10.25 0.292525 8.85556 1.01726 7.86455L6.28922 0.655624Z\" fill=\"#6C754A\"><\/path><\/svg><\/span>\n\t\t\t\t\t\t\t\t\t\t\t\t\t\t<\/span>\n\t\t\t\t\t\t\t\t\t\t\t\t<a class=\"elementor-accordion-title\" tabindex=\"0\">\u00bfQu\u00e9 ocurre despu\u00e9s de aprobar el examen?<\/a>\n\t\t\t\t\t<\/div>\n\t\t\t\t\t<div id=\"elementor-tab-content-1056\" class=\"elementor-tab-content elementor-clearfix\" data-tab=\"6\" role=\"region\" aria-labelledby=\"elementor-tab-title-1056\"><p>Para convertirse en un agente inmobiliario autorizado en Florida, debe completar un curso de pre-licencia aprobado por el estado, aprobar el Examen de Asociado de Ventas de Bienes Ra\u00edces de Florida y solicitar una licencia a trav\u00e9s del Departamento de Regulaci\u00f3n Empresarial y Profesional de Florida (DBPR).<\/p>\n<\/div>\n\t\t\t\t<\/div>\n\t\t\t\t\t\t\t<div class=\"elementor-accordion-item\">\n\t\t\t\t\t<div id=\"elementor-tab-title-1057\" class=\"elementor-tab-title\" data-tab=\"7\" role=\"button\" aria-controls=\"elementor-tab-content-1057\" aria-expanded=\"false\">\n\t\t\t\t\t\t\t\t\t\t\t\t\t<span class=\"elementor-accordion-icon elementor-accordion-icon-right\" aria-hidden=\"true\">\n\t\t\t\t\t\t\t\t\t\t\t\t\t\t\t<span class=\"elementor-accordion-icon-closed\"><svg xmlns=\"http:\/\/www.w3.org\/2000\/svg\" width=\"15\" height=\"11\" viewBox=\"0 0 15 11\" fill=\"none\"><path d=\"M6.28922 10.3444C6.88846 11.1638 8.11154 11.1638 8.71077 10.3444L13.9827 3.13545C14.7075 2.14444 13.9997 0.75 12.772 0.75H2.22804C1.0003 0.75 0.292525 2.14444 1.01726 3.13545L6.28922 10.3444Z\" fill=\"black\"><\/path><\/svg><\/span>\n\t\t\t\t\t\t\t\t<span class=\"elementor-accordion-icon-opened\"><svg xmlns=\"http:\/\/www.w3.org\/2000\/svg\" width=\"15\" height=\"11\" viewBox=\"0 0 15 11\" fill=\"none\"><path d=\"M6.28922 0.655624C6.88846 -0.163773 8.11154 -0.163774 8.71077 0.655623L13.9827 7.86455C14.7075 8.85556 13.9997 10.25 12.772 10.25H2.22804C1.0003 10.25 0.292525 8.85556 1.01726 7.86455L6.28922 0.655624Z\" fill=\"#6C754A\"><\/path><\/svg><\/span>\n\t\t\t\t\t\t\t\t\t\t\t\t\t\t<\/span>\n\t\t\t\t\t\t\t\t\t\t\t\t<a class=\"elementor-accordion-title\" tabindex=\"0\">\u00bfCu\u00e1nto tiempo se tarda en recibir la licencia inmobiliaria despu\u00e9s de solicitarla?<\/a>\n\t\t\t\t\t<\/div>\n\t\t\t\t\t<div id=\"elementor-tab-content-1057\" class=\"elementor-tab-content elementor-clearfix\" data-tab=\"7\" role=\"region\" aria-labelledby=\"elementor-tab-title-1057\"><p>Para convertirse en un agente inmobiliario autorizado en Florida, debe completar un curso de pre-licencia aprobado por el estado, aprobar el Examen de Asociado de Ventas de Bienes Ra\u00edces de Florida y solicitar una licencia a trav\u00e9s del Departamento de Regulaci\u00f3n Empresarial y Profesional de Florida (DBPR).<\/p>\n<\/div>\n\t\t\t\t<\/div>\n\t\t\t\t\t\t\t<div class=\"elementor-accordion-item\">\n\t\t\t\t\t<div id=\"elementor-tab-title-1058\" class=\"elementor-tab-title\" data-tab=\"8\" role=\"button\" aria-controls=\"elementor-tab-content-1058\" aria-expanded=\"false\">\n\t\t\t\t\t\t\t\t\t\t\t\t\t<span class=\"elementor-accordion-icon elementor-accordion-icon-right\" aria-hidden=\"true\">\n\t\t\t\t\t\t\t\t\t\t\t\t\t\t\t<span class=\"elementor-accordion-icon-closed\"><svg xmlns=\"http:\/\/www.w3.org\/2000\/svg\" width=\"15\" height=\"11\" viewBox=\"0 0 15 11\" fill=\"none\"><path d=\"M6.28922 10.3444C6.88846 11.1638 8.11154 11.1638 8.71077 10.3444L13.9827 3.13545C14.7075 2.14444 13.9997 0.75 12.772 0.75H2.22804C1.0003 0.75 0.292525 2.14444 1.01726 3.13545L6.28922 10.3444Z\" fill=\"black\"><\/path><\/svg><\/span>\n\t\t\t\t\t\t\t\t<span class=\"elementor-accordion-icon-opened\"><svg xmlns=\"http:\/\/www.w3.org\/2000\/svg\" width=\"15\" height=\"11\" viewBox=\"0 0 15 11\" fill=\"none\"><path d=\"M6.28922 0.655624C6.88846 -0.163773 8.11154 -0.163774 8.71077 0.655623L13.9827 7.86455C14.7075 8.85556 13.9997 10.25 12.772 10.25H2.22804C1.0003 10.25 0.292525 8.85556 1.01726 7.86455L6.28922 0.655624Z\" fill=\"#6C754A\"><\/path><\/svg><\/span>\n\t\t\t\t\t\t\t\t\t\t\t\t\t\t<\/span>\n\t\t\t\t\t\t\t\t\t\t\t\t<a class=\"elementor-accordion-title\" tabindex=\"0\">\u00bfExisten requisitos continuos para mantener mi licencia inmobiliaria?<\/a>\n\t\t\t\t\t<\/div>\n\t\t\t\t\t<div id=\"elementor-tab-content-1058\" class=\"elementor-tab-content elementor-clearfix\" data-tab=\"8\" role=\"region\" aria-labelledby=\"elementor-tab-title-1058\"><p>Para convertirse en un agente inmobiliario autorizado en Florida, debe completar un curso de pre-licencia aprobado por el estado, aprobar el Examen de Asociado de Ventas de Bienes Ra\u00edces de Florida y solicitar una licencia a trav\u00e9s del Departamento de Regulaci\u00f3n Empresarial y Profesional de Florida (DBPR).<\/p>\n<\/div>\n\t\t\t\t<\/div>\n\t\t\t\t\t\t\t<div class=\"elementor-accordion-item\">\n\t\t\t\t\t<div id=\"elementor-tab-title-1059\" class=\"elementor-tab-title\" data-tab=\"9\" role=\"button\" aria-controls=\"elementor-tab-content-1059\" aria-expanded=\"false\">\n\t\t\t\t\t\t\t\t\t\t\t\t\t<span class=\"elementor-accordion-icon elementor-accordion-icon-right\" aria-hidden=\"true\">\n\t\t\t\t\t\t\t\t\t\t\t\t\t\t\t<span class=\"elementor-accordion-icon-closed\"><svg xmlns=\"http:\/\/www.w3.org\/2000\/svg\" width=\"15\" height=\"11\" viewBox=\"0 0 15 11\" fill=\"none\"><path d=\"M6.28922 10.3444C6.88846 11.1638 8.11154 11.1638 8.71077 10.3444L13.9827 3.13545C14.7075 2.14444 13.9997 0.75 12.772 0.75H2.22804C1.0003 0.75 0.292525 2.14444 1.01726 3.13545L6.28922 10.3444Z\" fill=\"black\"><\/path><\/svg><\/span>\n\t\t\t\t\t\t\t\t<span class=\"elementor-accordion-icon-opened\"><svg xmlns=\"http:\/\/www.w3.org\/2000\/svg\" width=\"15\" height=\"11\" viewBox=\"0 0 15 11\" fill=\"none\"><path d=\"M6.28922 0.655624C6.88846 -0.163773 8.11154 -0.163774 8.71077 0.655623L13.9827 7.86455C14.7075 8.85556 13.9997 10.25 12.772 10.25H2.22804C1.0003 10.25 0.292525 8.85556 1.01726 7.86455L6.28922 0.655624Z\" fill=\"#6C754A\"><\/path><\/svg><\/span>\n\t\t\t\t\t\t\t\t\t\t\t\t\t\t<\/span>\n\t\t\t\t\t\t\t\t\t\t\t\t<a class=\"elementor-accordion-title\" tabindex=\"0\">\u00bfPuedo transferir mi licencia inmobiliaria de otro estado a Florida?<\/a>\n\t\t\t\t\t<\/div>\n\t\t\t\t\t<div id=\"elementor-tab-content-1059\" class=\"elementor-tab-content elementor-clearfix\" data-tab=\"9\" role=\"region\" aria-labelledby=\"elementor-tab-title-1059\"><p>Para convertirse en un agente inmobiliario autorizado en Florida, debe completar un curso de pre-licencia aprobado por el estado, aprobar el Examen de Asociado de Ventas de Bienes Ra\u00edces de Florida y solicitar una licencia a trav\u00e9s del Departamento de Regulaci\u00f3n Empresarial y Profesional de Florida (DBPR).<\/p>\n<\/div>\n\t\t\t\t<\/div>\n\t\t\t\t\t\t\t<div class=\"elementor-accordion-item\">\n\t\t\t\t\t<div id=\"elementor-tab-title-10510\" class=\"elementor-tab-title\" data-tab=\"10\" role=\"button\" aria-controls=\"elementor-tab-content-10510\" aria-expanded=\"false\">\n\t\t\t\t\t\t\t\t\t\t\t\t\t<span class=\"elementor-accordion-icon elementor-accordion-icon-right\" aria-hidden=\"true\">\n\t\t\t\t\t\t\t\t\t\t\t\t\t\t\t<span class=\"elementor-accordion-icon-closed\"><svg xmlns=\"http:\/\/www.w3.org\/2000\/svg\" width=\"15\" height=\"11\" viewBox=\"0 0 15 11\" fill=\"none\"><path d=\"M6.28922 10.3444C6.88846 11.1638 8.11154 11.1638 8.71077 10.3444L13.9827 3.13545C14.7075 2.14444 13.9997 0.75 12.772 0.75H2.22804C1.0003 0.75 0.292525 2.14444 1.01726 3.13545L6.28922 10.3444Z\" fill=\"black\"><\/path><\/svg><\/span>\n\t\t\t\t\t\t\t\t<span class=\"elementor-accordion-icon-opened\"><svg xmlns=\"http:\/\/www.w3.org\/2000\/svg\" width=\"15\" height=\"11\" viewBox=\"0 0 15 11\" fill=\"none\"><path d=\"M6.28922 0.655624C6.88846 -0.163773 8.11154 -0.163774 8.71077 0.655623L13.9827 7.86455C14.7075 8.85556 13.9997 10.25 12.772 10.25H2.22804C1.0003 10.25 0.292525 8.85556 1.01726 7.86455L6.28922 0.655624Z\" fill=\"#6C754A\"><\/path><\/svg><\/span>\n\t\t\t\t\t\t\t\t\t\t\t\t\t\t<\/span>\n\t\t\t\t\t\t\t\t\t\t\t\t<a class=\"elementor-accordion-title\" tabindex=\"0\">\u00bfD\u00f3nde puedo encontrar m\u00e1s informaci\u00f3n sobre c\u00f3mo obtener una licencia inmobiliaria en Florida?<\/a>\n\t\t\t\t\t<\/div>\n\t\t\t\t\t<div id=\"elementor-tab-content-10510\" class=\"elementor-tab-content elementor-clearfix\" data-tab=\"10\" role=\"region\" aria-labelledby=\"elementor-tab-title-10510\"><p>Para convertirse en un agente inmobiliario autorizado en Florida, debe completar un curso de pre-licencia aprobado por el estado, aprobar el Examen de Asociado de Ventas de Bienes Ra\u00edces de Florida y solicitar una licencia a trav\u00e9s del Departamento de Regulaci\u00f3n Empresarial y Profesional de Florida (DBPR).<\/p>\n<\/div>\n\t\t\t\t<\/div>\n\t\t\t\t\t\t\t\t<\/div>\n\t\t\t\t\t\t<\/div>\n\t\t\t\t<\/div>\n\t\t\t\t\t<\/div>\n\t\t\t\t<\/div>\n\t\t\t\t<\/div>\n\t\t","protected":false},"excerpt":{"rendered":"<p>Preguntas frecuentes Preguntas frecuentes \u00bfC\u00f3mo obtengo una licencia inmobiliaria en Florida? Para convertirse en un agente inmobiliario autorizado en Florida, debe completar un curso de pre-licencia aprobado por el estado, aprobar el Examen de Asociado de Ventas de Bienes Ra\u00edces de Florida y solicitar una licencia a trav\u00e9s del Departamento de Regulaci\u00f3n Empresarial y Profesional [&hellip;]<\/p>\n","protected":false},"author":1,"featured_media":0,"parent":0,"menu_order":0,"comment_status":"closed","ping_status":"closed","template":"","meta":{"_acf_changed":false,"footnotes":""},"class_list":["post-1467","page","type-page","status-publish","hentry"],"acf":[],"_links":{"self":[{"href":"https:\/\/proresultsschoolofrealestate.com\/es\/wp-json\/wp\/v2\/pages\/1467","targetHints":{"allow":["GET"]}}],"collection":[{"href":"https:\/\/proresultsschoolofrealestate.com\/es\/wp-json\/wp\/v2\/pages"}],"about":[{"href":"https:\/\/proresultsschoolofrealestate.com\/es\/wp-json\/wp\/v2\/types\/page"}],"author":[{"embeddable":true,"href":"https:\/\/proresultsschoolofrealestate.com\/es\/wp-json\/wp\/v2\/users\/1"}],"replies":[{"embeddable":true,"href":"https:\/\/proresultsschoolofrealestate.com\/es\/wp-json\/wp\/v2\/comments?post=1467"}],"version-history":[{"count":3,"href":"https:\/\/proresultsschoolofrealestate.com\/es\/wp-json\/wp\/v2\/pages\/1467\/revisions"}],"predecessor-version":[{"id":1480,"href":"https:\/\/proresultsschoolofrealestate.com\/es\/wp-json\/wp\/v2\/pages\/1467\/revisions\/1480"}],"wp:attachment":[{"href":"https:\/\/proresultsschoolofrealestate.com\/es\/wp-json\/wp\/v2\/media?parent=1467"}],"curies":[{"name":"wp","href":"https:\/\/api.w.org\/{rel}","templated":true}]}}