{"id":1472,"date":"2024-03-12T10:51:03","date_gmt":"2024-03-12T10:51:03","guid":{"rendered":"https:\/\/dev.wordpress-developer.us\/pro-results\/about-us\/"},"modified":"2024-03-19T13:53:37","modified_gmt":"2024-03-19T13:53:37","slug":"about-us","status":"publish","type":"page","link":"https:\/\/proresultsschoolofrealestate.com\/es\/about-us\/","title":{"rendered":"Qui\u00e9nes somos"},"content":{"rendered":"\t\t<div data-elementor-type=\"wp-page\" data-elementor-id=\"1472\" class=\"elementor elementor-1472 elementor-544\" data-elementor-post-type=\"page\">\n\t\t\t\t<div class=\"elementor-element elementor-element-7ec4225 e-con-full e-flex e-con e-parent\" data-id=\"7ec4225\" data-element_type=\"container\" data-e-type=\"container\" data-settings=\"{&quot;background_background&quot;:&quot;classic&quot;}\">\n\t\t<div class=\"elementor-element elementor-element-c50082a e-con-full e-flex e-con e-child\" data-id=\"c50082a\" data-element_type=\"container\" data-e-type=\"container\" data-settings=\"{&quot;background_background&quot;:&quot;classic&quot;}\">\n\t\t<div class=\"elementor-element elementor-element-7776879 e-flex e-con-boxed e-con e-child\" data-id=\"7776879\" data-element_type=\"container\" data-e-type=\"container\">\n\t\t\t\t\t<div class=\"e-con-inner\">\n\t\t<div class=\"elementor-element elementor-element-493e85f e-con-full e-flex e-con e-child\" data-id=\"493e85f\" data-element_type=\"container\" data-e-type=\"container\">\n\t\t\t\t<div class=\"elementor-element elementor-element-5074f8d elementor-widget elementor-widget-heading\" data-id=\"5074f8d\" data-element_type=\"widget\" data-e-type=\"widget\" data-widget_type=\"heading.default\">\n\t\t\t\t<div class=\"elementor-widget-container\">\n\t\t\t\t\t<h1 class=\"elementor-heading-title elementor-size-default\">Qui\u00e9nes somos<\/h1>\t\t\t\t<\/div>\n\t\t\t\t<\/div>\n\t\t\t\t<\/div>\n\t\t<div class=\"elementor-element elementor-element-e02839a e-con-full e-flex e-con e-child\" data-id=\"e02839a\" data-element_type=\"container\" data-e-type=\"container\">\n\t\t\t\t<\/div>\n\t\t\t\t\t<\/div>\n\t\t\t\t<\/div>\n\t\t\t\t<\/div>\n\t\t\t\t<\/div>\n\t\t<div class=\"elementor-element elementor-element-0a5453f e-flex e-con-boxed e-con e-parent\" data-id=\"0a5453f\" data-element_type=\"container\" data-e-type=\"container\">\n\t\t\t\t\t<div class=\"e-con-inner\">\n\t\t<div class=\"elementor-element elementor-element-6b39acb e-con-full e-flex e-con e-child\" data-id=\"6b39acb\" data-element_type=\"container\" data-e-type=\"container\">\n\t\t<div class=\"elementor-element elementor-element-d87164b e-con-full e-flex e-con e-child\" data-id=\"d87164b\" data-element_type=\"container\" data-e-type=\"container\">\n\t\t\t\t<div class=\"elementor-element elementor-element-12f7c4d elementor-widget elementor-widget-image\" data-id=\"12f7c4d\" data-element_type=\"widget\" data-e-type=\"widget\" data-widget_type=\"image.default\">\n\t\t\t\t<div class=\"elementor-widget-container\">\n\t\t\t\t\t\t\t\t\t\t\t\t\t\t\t<img fetchpriority=\"high\" decoding=\"async\" width=\"296\" height=\"350\" src=\"https:\/\/proresultsschoolofrealestate.com\/wp-content\/uploads\/2024\/03\/our-story-1.png\" class=\"attachment-large size-large wp-image-556\" alt=\"\" srcset=\"https:\/\/proresultsschoolofrealestate.com\/wp-content\/uploads\/2024\/03\/our-story-1.png 296w, https:\/\/proresultsschoolofrealestate.com\/wp-content\/uploads\/2024\/03\/our-story-1-254x300.png 254w\" sizes=\"(max-width: 296px) 100vw, 296px\" \/>\t\t\t\t\t\t\t\t\t\t\t\t\t\t\t<\/div>\n\t\t\t\t<\/div>\n\t\t\t\t<div class=\"elementor-element elementor-element-9c1c5ff elementor-widget elementor-widget-image\" data-id=\"9c1c5ff\" data-element_type=\"widget\" data-e-type=\"widget\" data-widget_type=\"image.default\">\n\t\t\t\t<div class=\"elementor-widget-container\">\n\t\t\t\t\t\t\t\t\t\t\t\t\t\t\t<img decoding=\"async\" width=\"260\" height=\"232\" src=\"https:\/\/proresultsschoolofrealestate.com\/wp-content\/uploads\/2024\/03\/our-story-3.png\" class=\"attachment-large size-large wp-image-557\" alt=\"\" \/>\t\t\t\t\t\t\t\t\t\t\t\t\t\t\t<\/div>\n\t\t\t\t<\/div>\n\t\t\t\t<\/div>\n\t\t<div class=\"elementor-element elementor-element-27c1981 e-con-full e-flex e-con e-child\" data-id=\"27c1981\" data-element_type=\"container\" data-e-type=\"container\">\n\t\t\t\t<div class=\"elementor-element elementor-element-b29e89a elementor-widget__width-auto elementor-absolute elementor-hidden-tablet elementor-hidden-mobile elementor-widget elementor-widget-image\" data-id=\"b29e89a\" data-element_type=\"widget\" data-e-type=\"widget\" data-settings=\"{&quot;_position&quot;:&quot;absolute&quot;}\" data-widget_type=\"image.default\">\n\t\t\t\t<div class=\"elementor-widget-container\">\n\t\t\t\t\t\t\t\t\t\t\t\t\t\t\t<img decoding=\"async\" width=\"18\" height=\"110\" src=\"https:\/\/proresultsschoolofrealestate.com\/wp-content\/uploads\/2024\/03\/layer-2.png\" class=\"attachment-large size-large wp-image-731\" alt=\"\" \/>\t\t\t\t\t\t\t\t\t\t\t\t\t\t\t<\/div>\n\t\t\t\t<\/div>\n\t\t\t\t<div class=\"elementor-element elementor-element-27452d4 elementor-widget elementor-widget-image\" data-id=\"27452d4\" data-element_type=\"widget\" data-e-type=\"widget\" data-widget_type=\"image.default\">\n\t\t\t\t<div class=\"elementor-widget-container\">\n\t\t\t\t\t\t\t\t\t\t\t\t\t\t\t<img loading=\"lazy\" decoding=\"async\" width=\"274\" height=\"386\" src=\"https:\/\/proresultsschoolofrealestate.com\/wp-content\/uploads\/2024\/03\/our-story-2.png\" class=\"attachment-large size-large wp-image-558\" alt=\"\" srcset=\"https:\/\/proresultsschoolofrealestate.com\/wp-content\/uploads\/2024\/03\/our-story-2.png 274w, https:\/\/proresultsschoolofrealestate.com\/wp-content\/uploads\/2024\/03\/our-story-2-213x300.png 213w\" sizes=\"(max-width: 274px) 100vw, 274px\" \/>\t\t\t\t\t\t\t\t\t\t\t\t\t\t\t<\/div>\n\t\t\t\t<\/div>\n\t\t\t\t<div class=\"elementor-element elementor-element-b83843a elementor-widget elementor-widget-image\" data-id=\"b83843a\" data-element_type=\"widget\" data-e-type=\"widget\" data-widget_type=\"image.default\">\n\t\t\t\t<div class=\"elementor-widget-container\">\n\t\t\t\t\t\t\t\t\t\t\t\t\t\t\t<img loading=\"lazy\" decoding=\"async\" width=\"279\" height=\"189\" src=\"https:\/\/proresultsschoolofrealestate.com\/wp-content\/uploads\/2024\/03\/our-story-4.png\" class=\"attachment-large size-large wp-image-559\" alt=\"\" \/>\t\t\t\t\t\t\t\t\t\t\t\t\t\t\t<\/div>\n\t\t\t\t<\/div>\n\t\t\t\t<\/div>\n\t\t\t\t<\/div>\n\t\t<div class=\"elementor-element elementor-element-d470f16 e-con-full e-flex e-con e-child\" data-id=\"d470f16\" data-element_type=\"container\" data-e-type=\"container\">\n\t\t\t\t<div class=\"elementor-element elementor-element-050b5d1 elementor-widget elementor-widget-heading\" data-id=\"050b5d1\" data-element_type=\"widget\" data-e-type=\"widget\" data-widget_type=\"heading.default\">\n\t\t\t\t<div class=\"elementor-widget-container\">\n\t\t\t\t\t<h2 class=\"elementor-heading-title elementor-size-default\">Nuestra historia<\/h2>\t\t\t\t<\/div>\n\t\t\t\t<\/div>\n\t\t\t\t<div class=\"elementor-element elementor-element-263b075 elementor-widget elementor-widget-text-editor\" data-id=\"263b075\" data-element_type=\"widget\" data-e-type=\"widget\" data-widget_type=\"text-editor.default\">\n\t\t\t\t<div class=\"elementor-widget-container\">\n\t\t\t\t\t\t\t\t\t<p>Como uno de los fundadores originales de PRO Results School of Real Estate, estoy encantado de presentar esta plataforma en l\u00ednea adaptada para satisfacer todas sus necesidades inmobiliarias profesionales. Mi viaje en el reino de bienes ra\u00edces fue inspirado por mi madre, Mar\u00eda R. Luis, un agente inmobiliario experimentado que encendi\u00f3 mi pasi\u00f3n por la industria. Al ser testigo de su dedicaci\u00f3n a ayudar a familias, amigos y clientes convertidos en amigos, comprend\u00ed la esencia del papel de un agente: ayudar a las personas a alcanzar sus aspiraciones y sue\u00f1os, ya sea en la compra de la casa de sus sue\u00f1os o en la venta de su propiedad.<\/p>\n\t\t\t\t\t\t\t\t<\/div>\n\t\t\t\t<\/div>\n\t\t\t\t<div class=\"elementor-element elementor-element-51859d6 elementor-widget elementor-widget-text-editor\" data-id=\"51859d6\" data-element_type=\"widget\" data-e-type=\"widget\" data-widget_type=\"text-editor.default\">\n\t\t\t\t<div class=\"elementor-widget-container\">\n\t\t\t\t\t\t\t\t\t<p>Aunque mi trayectoria profesional me llev\u00f3 a la educaci\u00f3n, donde trabaj\u00e9 como profesora, administradora de distrito y administradora escolar durante 24 a\u00f1os, tambi\u00e9n tengo una licencia inmobiliaria desde 2002. En 2003, obtuve mi licencia de agente inmobiliario, y en 2004, establec\u00ed mi propia empresa inmobiliaria. Reuniendo mis experiencias de ambos \u00e1mbitos, es la culminaci\u00f3n de un sue\u00f1o fusionar estas dos estimadas profesiones y ofrecer educaci\u00f3n inmobiliaria a Florida tras dos d\u00e9cadas de dedicaci\u00f3n.<\/p>\n\t\t\t\t\t\t\t\t<\/div>\n\t\t\t\t<\/div>\n\t\t\t\t<\/div>\n\t\t\t\t\t<\/div>\n\t\t\t\t<\/div>\n\t\t\t\t<\/div>\n\t\t","protected":false},"excerpt":{"rendered":"<p>Qui\u00e9nes somos Nuestra historia Como uno de los fundadores originales de PRO Results School of Real Estate, estoy encantado de presentar esta plataforma en l\u00ednea adaptada para satisfacer todas sus necesidades inmobiliarias profesionales. Mi viaje en el reino de bienes ra\u00edces fue inspirado por mi madre, Mar\u00eda R. Luis, un agente inmobiliario experimentado que encendi\u00f3 [&hellip;]<\/p>\n","protected":false},"author":1,"featured_media":0,"parent":0,"menu_order":0,"comment_status":"closed","ping_status":"closed","template":"","meta":{"_acf_changed":false,"footnotes":""},"class_list":["post-1472","page","type-page","status-publish","hentry"],"acf":[],"_links":{"self":[{"href":"https:\/\/proresultsschoolofrealestate.com\/es\/wp-json\/wp\/v2\/pages\/1472","targetHints":{"allow":["GET"]}}],"collection":[{"href":"https:\/\/proresultsschoolofrealestate.com\/es\/wp-json\/wp\/v2\/pages"}],"about":[{"href":"https:\/\/proresultsschoolofrealestate.com\/es\/wp-json\/wp\/v2\/types\/page"}],"author":[{"embeddable":true,"href":"https:\/\/proresultsschoolofrealestate.com\/es\/wp-json\/wp\/v2\/users\/1"}],"replies":[{"embeddable":true,"href":"https:\/\/proresultsschoolofrealestate.com\/es\/wp-json\/wp\/v2\/comments?post=1472"}],"version-history":[{"count":5,"href":"https:\/\/proresultsschoolofrealestate.com\/es\/wp-json\/wp\/v2\/pages\/1472\/revisions"}],"predecessor-version":[{"id":1721,"href":"https:\/\/proresultsschoolofrealestate.com\/es\/wp-json\/wp\/v2\/pages\/1472\/revisions\/1721"}],"wp:attachment":[{"href":"https:\/\/proresultsschoolofrealestate.com\/es\/wp-json\/wp\/v2\/media?parent=1472"}],"curies":[{"name":"wp","href":"https:\/\/api.w.org\/{rel}","templated":true}]}}